{"id":88,"date":"2025-09-05T12:23:37","date_gmt":"2025-09-05T12:23:37","guid":{"rendered":"http:\/\/leader-society.fr\/?page_id=88"},"modified":"2025-09-09T15:13:26","modified_gmt":"2025-09-09T15:13:26","slug":"notre-site-arrive-bientot","status":"publish","type":"page","link":"https:\/\/leader-society.fr\/","title":{"rendered":"Notre site arrive bient\u00f4t"},"content":{"rendered":"\t\t<div data-elementor-type=\"wp-page\" data-elementor-id=\"88\" class=\"elementor elementor-88\" data-elementor-post-type=\"page\">\n\t\t\t\t<div class=\"elementor-element elementor-element-7ab7e51 e-con-full e-flex e-con e-parent\" data-id=\"7ab7e51\" data-element_type=\"container\" data-e-type=\"container\" data-settings=\"{&quot;background_background&quot;:&quot;classic&quot;}\">\n\t\t\t\t<div class=\"elementor-element elementor-element-7fe529c elementor-widget elementor-widget-image\" data-id=\"7fe529c\" data-element_type=\"widget\" data-e-type=\"widget\" data-widget_type=\"image.default\">\n\t\t\t\t\t\t\t\t\t\t\t\t\t\t\t<img fetchpriority=\"high\" decoding=\"async\" width=\"1000\" height=\"139\" src=\"https:\/\/leader-society.fr\/wp-content\/uploads\/2025\/09\/Fichier-382x-8-1024x142.webp\" class=\"attachment-large size-large wp-image-43\" alt=\"\" srcset=\"https:\/\/leader-society.fr\/wp-content\/uploads\/2025\/09\/Fichier-382x-8-1024x142.webp 1024w, https:\/\/leader-society.fr\/wp-content\/uploads\/2025\/09\/Fichier-382x-8-300x42.webp 300w, https:\/\/leader-society.fr\/wp-content\/uploads\/2025\/09\/Fichier-382x-8-768x107.webp 768w, https:\/\/leader-society.fr\/wp-content\/uploads\/2025\/09\/Fichier-382x-8-1536x213.webp 1536w, https:\/\/leader-society.fr\/wp-content\/uploads\/2025\/09\/Fichier-382x-8-2048x284.png 2048w, https:\/\/leader-society.fr\/wp-content\/uploads\/2025\/09\/Fichier-382x-8-650x90.webp 650w\" sizes=\"(max-width: 1000px) 100vw, 1000px\" \/>\t\t\t\t\t\t\t\t\t\t\t\t\t\t\t<\/div>\n\t\t\t\t<div class=\"elementor-element elementor-element-118773f elementor-widget elementor-widget-spacer\" data-id=\"118773f\" data-element_type=\"widget\" data-e-type=\"widget\" data-widget_type=\"spacer.default\">\n\t\t\t\t\t\t\t<div class=\"elementor-spacer\">\n\t\t\t<div class=\"elementor-spacer-inner\"><\/div>\n\t\t<\/div>\n\t\t\t\t\t\t<\/div>\n\t\t\t\t<div class=\"elementor-element elementor-element-a5606dc elementor-widget elementor-widget-heading\" data-id=\"a5606dc\" data-element_type=\"widget\" data-e-type=\"widget\" data-widget_type=\"heading.default\">\n\t\t\t\t\t<h2 class=\"elementor-heading-title elementor-size-default\">Notre site arrive bient\u00f4t !<\/h2>\t\t\t\t<\/div>\n\t\t\t\t<div class=\"elementor-element elementor-element-6970e5c elementor-widget elementor-widget-spacer\" data-id=\"6970e5c\" data-element_type=\"widget\" data-e-type=\"widget\" data-widget_type=\"spacer.default\">\n\t\t\t\t\t\t\t<div class=\"elementor-spacer\">\n\t\t\t<div class=\"elementor-spacer-inner\"><\/div>\n\t\t<\/div>\n\t\t\t\t\t\t<\/div>\n\t\t\t\t<div class=\"elementor-element elementor-element-ce82557 elementor-widget elementor-widget-text-editor\" data-id=\"ce82557\" data-element_type=\"widget\" data-e-type=\"widget\" data-widget_type=\"text-editor.default\">\n\t\t\t\t\t\t\t\t\t<p><strong>Soyez les premiers inform\u00e9s du lancement !<br \/><\/strong>Laissez-nous votre email et nous vous pr\u00e9viendrons d\u00e8s la mise en ligne.<\/p>\t\t\t\t\t\t\t\t<\/div>\n\t\t\t\t<div class=\"elementor-element elementor-element-ffe0115 elementor-button-align-center elementor-widget__width-initial elementor-widget elementor-widget-form\" data-id=\"ffe0115\" data-element_type=\"widget\" data-e-type=\"widget\" data-settings=\"{&quot;button_width&quot;:&quot;20&quot;,&quot;step_next_label&quot;:&quot;Next&quot;,&quot;step_previous_label&quot;:&quot;Previous&quot;,&quot;step_type&quot;:&quot;number_text&quot;,&quot;step_icon_shape&quot;:&quot;circle&quot;}\" data-widget_type=\"form.default\">\n\t\t\t\t\t\t\t<form class=\"elementor-form\" method=\"post\" name=\"New Form\" aria-label=\"New Form\">\n\t\t\t<input type=\"hidden\" name=\"post_id\" value=\"88\"\/>\n\t\t\t<input type=\"hidden\" name=\"form_id\" value=\"ffe0115\"\/>\n\t\t\t<input type=\"hidden\" name=\"referer_title\" value=\"\" \/>\n\n\t\t\t\t\t\t\t<input type=\"hidden\" name=\"queried_id\" value=\"88\"\/>\n\t\t\t\n\t\t\t<div class=\"elementor-form-fields-wrapper elementor-labels-above\">\n\t\t\t\t\t\t\t\t<div class=\"elementor-field-type-email elementor-field-group elementor-column elementor-field-group-email elementor-col-80 elementor-field-required\">\n\t\t\t\t\t\t\t\t\t\t\t\t\t<input size=\"1\" type=\"email\" name=\"form_fields[email]\" id=\"form-field-email\" class=\"elementor-field elementor-size-sm  elementor-field-textual\" placeholder=\"Email\" required=\"required\">\n\t\t\t\t\t\t\t\t\t\t\t<\/div>\n\t\t\t\t\t\t\t\t<div class=\"elementor-field-group elementor-column elementor-field-type-submit elementor-col-20 e-form__buttons\">\n\t\t\t\t\t<button class=\"elementor-button elementor-size-sm\" type=\"submit\">\n\t\t\t\t\t\t<span class=\"elementor-button-content-wrapper\">\n\t\t\t\t\t\t\t\t\t\t\t\t\t\t\t\t\t\t\t\t\t\t<span class=\"elementor-button-text\">ENVOYER<\/span>\n\t\t\t\t\t\t\t\t\t\t\t\t\t<\/span>\n\t\t\t\t\t<\/button>\n\t\t\t\t<\/div>\n\t\t\t<\/div>\n\t\t<\/form>\n\t\t\t\t\t\t<\/div>\n\t\t\t\t<div class=\"elementor-element elementor-element-8e40424 elementor-widget elementor-widget-spacer\" data-id=\"8e40424\" data-element_type=\"widget\" data-e-type=\"widget\" data-widget_type=\"spacer.default\">\n\t\t\t\t\t\t\t<div class=\"elementor-spacer\">\n\t\t\t<div class=\"elementor-spacer-inner\"><\/div>\n\t\t<\/div>\n\t\t\t\t\t\t<\/div>\n\t\t\t\t<div class=\"elementor-element elementor-element-e2bb6c5 elementor-align-center ui-e-icon-right elementor-tablet-align-center ui-e-icon-left ui-e-left elementor-widget elementor-widget-uicore-icon-list\" data-id=\"e2bb6c5\" data-element_type=\"widget\" data-e-type=\"widget\" data-widget_type=\"uicore-icon-list.default\">\n\t\t\t\t\t        <ul>\n                            <li >\n\n                    <div class=\"ui-e-wrap\">\n                    \n                                            <div class=\"ui-e-img\">\n                            <img decoding=\"async\" width=\"300\" height=\"300\" src=\"https:\/\/leader-society.fr\/wp-content\/uploads\/2025\/09\/instz-4-300x300.webp\" class=\"attachment-medium size-medium\" alt=\"\" \/>                        <\/div>\n                    \n                    <div class=\"ui-e-content\">\n                        <span class=\"ui-e-title\">\n                                                    <\/span>\n                        <p class=\"ui-e-text\">  <\/p>\n                    <\/div>\n\n                    \n                    <\/div>\n                <\/li>\n                            <li >\n\n                    <div class=\"ui-e-wrap\">\n                    \n                                            <div class=\"ui-e-img\">\n                            <img decoding=\"async\" width=\"300\" height=\"300\" src=\"https:\/\/leader-society.fr\/wp-content\/uploads\/2025\/09\/TT-4-300x300.webp\" class=\"attachment-medium size-medium\" alt=\"\" \/>                        <\/div>\n                    \n                    <div class=\"ui-e-content\">\n                        <span class=\"ui-e-title\">\n                                                    <\/span>\n                        <p class=\"ui-e-text\">  <\/p>\n                    <\/div>\n\n                    \n                    <\/div>\n                <\/li>\n                            <li >\n\n                    <div class=\"ui-e-wrap\">\n                    \n                                            <div class=\"ui-e-img\">\n                            <img loading=\"lazy\" decoding=\"async\" width=\"300\" height=\"300\" src=\"https:\/\/leader-society.fr\/wp-content\/uploads\/2025\/09\/Sans-titre-1-17-300x300.webp\" class=\"attachment-medium size-medium\" alt=\"\" \/>                        <\/div>\n                    \n                    <div class=\"ui-e-content\">\n                        <span class=\"ui-e-title\">\n                                                    <\/span>\n                        <p class=\"ui-e-text\">  <\/p>\n                    <\/div>\n\n                    \n                    <\/div>\n                <\/li>\n                            <li >\n\n                    <div class=\"ui-e-wrap\">\n                    \n                                            <div class=\"ui-e-img\">\n                            <img loading=\"lazy\" decoding=\"async\" width=\"300\" height=\"262\" src=\"https:\/\/leader-society.fr\/wp-content\/uploads\/2025\/09\/FACE-4-300x262.webp\" class=\"attachment-medium size-medium\" alt=\"\" \/>                        <\/div>\n                    \n                    <div class=\"ui-e-content\">\n                        <span class=\"ui-e-title\">\n                                                    <\/span>\n                        <p class=\"ui-e-text\">  <\/p>\n                    <\/div>\n\n                    \n                    <\/div>\n                <\/li>\n                            <li >\n\n                    <div class=\"ui-e-wrap\">\n                    \n                                            <div class=\"ui-e-img\">\n                            <img loading=\"lazy\" decoding=\"async\" width=\"300\" height=\"300\" src=\"https:\/\/leader-society.fr\/wp-content\/uploads\/2025\/09\/YT-4-300x300.webp\" class=\"attachment-medium size-medium\" alt=\"\" \/>                        <\/div>\n                    \n                    <div class=\"ui-e-content\">\n                        <span class=\"ui-e-title\">\n                                                    <\/span>\n                        <p class=\"ui-e-text\">  <\/p>\n                    <\/div>\n\n                    \n                    <\/div>\n                <\/li>\n                            <li >\n\n                    <div class=\"ui-e-wrap\">\n                    \n                                            <div class=\"ui-e-img\">\n                            <img loading=\"lazy\" decoding=\"async\" width=\"300\" height=\"300\" src=\"https:\/\/leader-society.fr\/wp-content\/uploads\/2025\/09\/whatsapp-logo-png-white-1759153411-2-300x300.png\" class=\"attachment-medium size-medium\" alt=\"\" \/>                        <\/div>\n                    \n                    <div class=\"ui-e-content\">\n                        <span class=\"ui-e-title\">\n                                                    <\/span>\n                        <p class=\"ui-e-text\">  <\/p>\n                    <\/div>\n\n                    \n                    <\/div>\n                <\/li>\n                    <\/ul>\n\t\t\t\t<\/div>\n\t\t\t\t<\/div>\n\t\t\t\t<\/div>\n\t\t","protected":false},"excerpt":{"rendered":"<p>Notre site arrive bient\u00f4t ! Soyez les premiers inform\u00e9s du lancement !Laissez-nous votre email et nous vous pr\u00e9viendrons d\u00e8s la mise en ligne.<\/p>\n","protected":false},"author":1,"featured_media":0,"parent":0,"menu_order":0,"comment_status":"closed","ping_status":"closed","template":"elementor_canvas","meta":{"footnotes":""},"class_list":["post-88","page","type-page","status-publish","hentry"],"_links":{"self":[{"href":"https:\/\/leader-society.fr\/index.php\/wp-json\/wp\/v2\/pages\/88","targetHints":{"allow":["GET"]}}],"collection":[{"href":"https:\/\/leader-society.fr\/index.php\/wp-json\/wp\/v2\/pages"}],"about":[{"href":"https:\/\/leader-society.fr\/index.php\/wp-json\/wp\/v2\/types\/page"}],"author":[{"embeddable":true,"href":"https:\/\/leader-society.fr\/index.php\/wp-json\/wp\/v2\/users\/1"}],"replies":[{"embeddable":true,"href":"https:\/\/leader-society.fr\/index.php\/wp-json\/wp\/v2\/comments?post=88"}],"version-history":[{"count":10,"href":"https:\/\/leader-society.fr\/index.php\/wp-json\/wp\/v2\/pages\/88\/revisions"}],"predecessor-version":[{"id":153,"href":"https:\/\/leader-society.fr\/index.php\/wp-json\/wp\/v2\/pages\/88\/revisions\/153"}],"wp:attachment":[{"href":"https:\/\/leader-society.fr\/index.php\/wp-json\/wp\/v2\/media?parent=88"}],"curies":[{"name":"wp","href":"https:\/\/api.w.org\/{rel}","templated":true}]}}